{"id":4725,"date":"2021-05-14T06:58:23","date_gmt":"2021-05-14T06:58:23","guid":{"rendered":"https:\/\/auritourtransfer.com\/?page_id=4725"},"modified":"2024-01-11T22:13:26","modified_gmt":"2024-01-12T02:13:26","slug":"home-3","status":"publish","type":"page","link":"https:\/\/auritourtransfer.com\/","title":{"rendered":"Inicio"},"content":{"rendered":"<p><\/p>\n<p style=\"aspect-ratio:unset;\" class=\"is-layout-flow wp-block-cover-is-layout-flow\"><div style=\"width: 1280px;\" class=\"wp-video\"><video class=\"wp-video-shortcode\" id=\"video-4725-1\" width=\"1280\" height=\"720\" preload=\"metadata\" controls=\"controls\"><source type=\"video\/mp4\" src=\"https:\/\/auritourtransfer.com\/wp-content\/uploads\/2024\/01\/\ud83e\uddf3\ufe0f-TOP-10-Que-Ver-en-Punta-Cana-\u2708\ufe0f-Guia-Turistica-Que-Hacer-en-Punta-Cana.mp4?_=1\" \/><a href=\"https:\/\/auritourtransfer.com\/wp-content\/uploads\/2024\/01\/\ud83e\uddf3\ufe0f-TOP-10-Que-Ver-en-Punta-Cana-\u2708\ufe0f-Guia-Turistica-Que-Hacer-en-Punta-Cana.mp4\">https:\/\/auritourtransfer.com\/wp-content\/uploads\/2024\/01\/\ud83e\uddf3\ufe0f-TOP-10-Que-Ver-en-Punta-Cana-\u2708\ufe0f-Guia-Turistica-Que-Hacer-en-Punta-Cana.mp4<\/a><\/video><\/div><\/p>\n<h2 style=\"color: #0f97f2;\"><mark style=\"background-color: rgba(0, 0, 0, 0);\">ES HORA DE<\/mark>\u00a0<mark style=\"background-color: rgba(0, 0, 0, 0);\">RESERVAR TU<\/mark> TRASLADO YA!!!<\/h2>\n<p><\/p>\n<h4 class=\"wp-block-heading\" style=\"color: #0f97f2;\"><mark style=\"background-color: rgba(0, 0, 0, 0); color: #0f97f2;\">INSTRUCCIONES:<\/mark><\/h4>\n<p><\/p>\n<p><strong>1. Elije cantidad de pasajeros | 2. Cantidad de maletas | 3. Clic en el bot\u00f3n y elige solo ida o ida y vuelta<\/strong>\u00a0<strong>|<\/strong><br \/><strong>4. Selecciona donde te recogemos | 5. Elige el lugar de destino.<\/strong><\/p>\n<p><\/p>\n\u00a0\n<p><\/p>\n\u00a0\n<p><\/p>\n<p>Le invitamos a vivir una experiencia inolvidable, un recorrido por toda\u00a0<strong>Rep\u00fablica Dominicana<\/strong>, donde podr\u00e1 disfrutar de las mas hermosas playas de arenas blancas, paisajes \u00fanicos e impresionantes, gente increible, eventos, shows&#8230; y todo\u00a0<strong>al mejor precio<\/strong>, para el disfrute de toda la familia. <strong><em>No se pierda la experiencia<\/em>, le aseguramos que\u00a0Rep\u00fablica Dominicana lo tiene TODO.<\/strong><\/p>\n<p><\/p>\n<h3 class=\"wp-block-heading\"><em>\u00abEstad\u00eda feliz, donde tu diversi\u00f3n es nuestra misi\u00f3n\u00bb<\/em><\/h3>\n<p><\/p>\n<p><!-- \/wp:post-content --><!-- wp:generateblocks\/container {\"uniqueId\":\"10271415\",\"align\":\"full\",\"isDynamic\":true,\"blockVersion\":4,\"useInnerContainer\":true,\"spacing\":{\"paddingTop\":\"40px\",\"paddingRight\":\"40px\",\"paddingBottom\":\"40px\",\"paddingLeft\":\"40px\"}} --><!-- wp:spacer {\"height\":\"50px\"} \/--><!-- wp:heading {\"className\":\"has-text-align-center\"} --><\/p>\n<h2>EXCURSIONES MAS POPULARES<\/h2>\n<p><!-- \/wp:heading --><!-- wp:separator {\"opacity\":\"css\",\"style\":{\"color\":{\"background\":\"#df0000\"}},\"className\":\"aligncenter is-style-default\"} --><\/p>\n<hr style=\"background-color: #df0000; color: #df0000;\" \/>\n<p><!-- \/wp:separator --><!-- wp:shortcode --><\/p>\n<p style=\"text-align: center;\">\t\t<div class=\"wt-carousel wt-grid-shortcode wt-grid-column-1\" id=\"grid-5748\">\r\n        \t<div class=\"grid-container\">\r\n                <div class=\"is-carousel\" id=\"post-corousel-5748\" data-items=\"3\"  data-navigation=1 data-pagination=1>\r\n                                            <div class=\"grid-row\">\r\n                        \t<div class=\"item-post-n\">\r\n\t<figure class=\"ex-modern-blog\">\r\n\t\t<div class=\"image\">\r\n        \t<a href=\"https:\/\/auritourtransfer.com\/?product=isla-saona-clasica\" class=\"link-more\">\r\n\t\t\t\t<img loading=\"lazy\" decoding=\"async\" width=\"409\" height=\"307\" src=\"https:\/\/auritourtransfer.com\/wp-content\/uploads\/2021\/05\/1407943606_pic_CLP_0068-min-800x600-1.jpg\" class=\"attachment-wethumb_460x307 size-wethumb_460x307 wp-post-image\" alt=\"\" srcset=\"https:\/\/auritourtransfer.com\/wp-content\/uploads\/2021\/05\/1407943606_pic_CLP_0068-min-800x600-1.jpg 800w, https:\/\/auritourtransfer.com\/wp-content\/uploads\/2021\/05\/1407943606_pic_CLP_0068-min-800x600-1-768x576.jpg 768w, https:\/\/auritourtransfer.com\/wp-content\/uploads\/2021\/05\/1407943606_pic_CLP_0068-min-800x600-1-600x450.jpg 600w\" sizes=\"auto, (max-width: 409px) 100vw, 409px\" \/>            <\/a>\r\n            <div class=\"wt-location-arr\"><i class=\"fa fa-map-marker\"><\/i>Punta Cana<span>, <\/span>Saona y Bayah\u00edbe<\/div>\t\t<\/div>\r\n\t\t<div class=\"grid-content\">\r\n\t\t\t<figcaption>\r\n\t\t\t\t<h3><a href=\"https:\/\/auritourtransfer.com\/?product=isla-saona-clasica\" class=\"link-more\">Isla Saona Cl\u00e1sica<\/a><\/h3>\r\n\t\t\t\t<div class=\"wt-more-meta\">\r\n\t\t\t\t<span><i class=\"fa fa-shopping-basket\"><\/i><span class=\"woocommerce-Price-amount amount\"><bdi><span class=\"woocommerce-Price-currencySymbol\">&#36;<\/span>60<\/bdi><\/span><\/span>\r\n\t\t\t<span>\r\n\t\t\t\t<i class=\"fa fa-clock-o\" aria-hidden=\"true\"><\/i>\r\n\t\t\t\t1 D\u00eda\r\n\t\t\t<\/span>\r\n\t\t\t<span>\r\n\t\t\t\t<i class=\"fa fa-paper-plane\" aria-hidden=\"true\"><\/i>\r\n\t\t\t\tIda y Vuelta\r\n\t\t\t<\/span>\t\t\t\t<\/div>\r\n                \t\t\t<\/figcaption>\r\n\t\t<\/div>\r\n\t<\/figure>    \r\n<\/div>                        <\/div>\r\n                                                <div class=\"grid-row\">\r\n                        \t<div class=\"item-post-n\">\r\n\t<figure class=\"ex-modern-blog\">\r\n\t\t<div class=\"image\">\r\n        \t<a href=\"https:\/\/auritourtransfer.com\/?product=santo-domingo-city-tour\" class=\"link-more\">\r\n\t\t\t\t<img loading=\"lazy\" decoding=\"async\" width=\"307\" height=\"307\" src=\"https:\/\/auritourtransfer.com\/wp-content\/uploads\/2021\/05\/instagram_1594130402663.jpg\" class=\"attachment-wethumb_460x307 size-wethumb_460x307 wp-post-image\" alt=\"\" srcset=\"https:\/\/auritourtransfer.com\/wp-content\/uploads\/2021\/05\/instagram_1594130402663.jpg 960w, https:\/\/auritourtransfer.com\/wp-content\/uploads\/2021\/05\/instagram_1594130402663-768x768.jpg 768w, https:\/\/auritourtransfer.com\/wp-content\/uploads\/2021\/05\/instagram_1594130402663-300x300.jpg 300w, https:\/\/auritourtransfer.com\/wp-content\/uploads\/2021\/05\/instagram_1594130402663-600x600.jpg 600w, https:\/\/auritourtransfer.com\/wp-content\/uploads\/2021\/05\/instagram_1594130402663-100x100.jpg 100w\" sizes=\"auto, (max-width: 307px) 100vw, 307px\" \/>            <\/a>\r\n            <div class=\"wt-location-arr\"><i class=\"fa fa-map-marker\"><\/i>Punta Cana<span>, <\/span>Santo Domingo<\/div>\t\t<\/div>\r\n\t\t<div class=\"grid-content\">\r\n\t\t\t<figcaption>\r\n\t\t\t\t<h3><a href=\"https:\/\/auritourtransfer.com\/?product=santo-domingo-city-tour\" class=\"link-more\">Santo Domingo &#8211; City Tour<\/a><\/h3>\r\n\t\t\t\t<div class=\"wt-more-meta\">\r\n\t\t\t\t<span><i class=\"fa fa-shopping-basket\"><\/i><span class=\"woocommerce-Price-amount amount\"><bdi><span class=\"woocommerce-Price-currencySymbol\">&#36;<\/span>60<\/bdi><\/span><\/span>\r\n\t\t\t<span>\r\n\t\t\t\t<i class=\"fa fa-clock-o\" aria-hidden=\"true\"><\/i>\r\n\t\t\t\tDia Completo\r\n\t\t\t<\/span>\t\t\t\t<\/div>\r\n                \t\t\t<\/figcaption>\r\n\t\t<\/div>\r\n\t<\/figure>    \r\n<\/div>                        <\/div>\r\n                                                <div class=\"grid-row\">\r\n                        \t<div class=\"item-post-n\">\r\n\t<figure class=\"ex-modern-blog\">\r\n\t\t<div class=\"image\">\r\n        \t<a href=\"https:\/\/auritourtransfer.com\/?product=isla-catalina\" class=\"link-more\">\r\n\t\t\t\t            <\/a>\r\n            <div class=\"wt-location-arr\"><i class=\"fa fa-map-marker\"><\/i>La Romana<span>, <\/span>Punta Cana<\/div>\t\t<\/div>\r\n\t\t<div class=\"grid-content\">\r\n\t\t\t<figcaption>\r\n\t\t\t\t<h3><a href=\"https:\/\/auritourtransfer.com\/?product=isla-catalina\" class=\"link-more\">Isla Catalina<\/a><\/h3>\r\n\t\t\t\t<div class=\"wt-more-meta\">\r\n\t\t\t\t<span><i class=\"fa fa-shopping-basket\"><\/i><span class=\"woocommerce-Price-amount amount\"><bdi><span class=\"woocommerce-Price-currencySymbol\">&#36;<\/span>60<\/bdi><\/span><\/span>\r\n\t\t\t<span>\r\n\t\t\t\t<i class=\"fa fa-clock-o\" aria-hidden=\"true\"><\/i>\r\n\t\t\t\t1 D\u00eda\r\n\t\t\t<\/span>\r\n\t\t\t<span>\r\n\t\t\t\t<i class=\"fa fa-paper-plane\" aria-hidden=\"true\"><\/i>\r\n\t\t\t\tIda y Vuelta\r\n\t\t\t<\/span>\t\t\t\t<\/div>\r\n                \t\t\t<\/figcaption>\r\n\t\t<\/div>\r\n\t<\/figure>    \r\n<\/div>                        <\/div>\r\n                                                <div class=\"grid-row\">\r\n                        \t<div class=\"item-post-n\">\r\n\t<figure class=\"ex-modern-blog\">\r\n\t\t<div class=\"image\">\r\n        \t<a href=\"https:\/\/auritourtransfer.com\/?product=buggys-macao\" class=\"link-more\">\r\n\t\t\t\t<img loading=\"lazy\" decoding=\"async\" width=\"460\" height=\"305\" src=\"https:\/\/auritourtransfer.com\/wp-content\/uploads\/2021\/05\/WhatsApp-Image-2021-11-04-at-11.47.13.jpeg\" class=\"attachment-wethumb_460x307 size-wethumb_460x307 wp-post-image\" alt=\"\" srcset=\"https:\/\/auritourtransfer.com\/wp-content\/uploads\/2021\/05\/WhatsApp-Image-2021-11-04-at-11.47.13.jpeg 1600w, https:\/\/auritourtransfer.com\/wp-content\/uploads\/2021\/05\/WhatsApp-Image-2021-11-04-at-11.47.13-768x510.jpeg 768w, https:\/\/auritourtransfer.com\/wp-content\/uploads\/2021\/05\/WhatsApp-Image-2021-11-04-at-11.47.13-1536x1020.jpeg 1536w, https:\/\/auritourtransfer.com\/wp-content\/uploads\/2021\/05\/WhatsApp-Image-2021-11-04-at-11.47.13-1320x876.jpeg 1320w, https:\/\/auritourtransfer.com\/wp-content\/uploads\/2021\/05\/WhatsApp-Image-2021-11-04-at-11.47.13-600x398.jpeg 600w\" sizes=\"auto, (max-width: 460px) 100vw, 460px\" \/>            <\/a>\r\n            <div class=\"wt-location-arr\"><i class=\"fa fa-map-marker\"><\/i>Punta Cana<\/div>\t\t<\/div>\r\n\t\t<div class=\"grid-content\">\r\n\t\t\t<figcaption>\r\n\t\t\t\t<h3><a href=\"https:\/\/auritourtransfer.com\/?product=buggys-macao\" class=\"link-more\">Buggys Macao<\/a><\/h3>\r\n\t\t\t\t<div class=\"wt-more-meta\">\r\n\t\t\t\t<span><i class=\"fa fa-shopping-basket\"><\/i><span class=\"woocommerce-Price-amount amount\"><bdi><span class=\"woocommerce-Price-currencySymbol\">&#36;<\/span>40<\/bdi><\/span><\/span>\r\n\t\t\t<span>\r\n\t\t\t\t<i class=\"fa fa-clock-o\" aria-hidden=\"true\"><\/i>\r\n\t\t\t\t4 Horas\r\n\t\t\t<\/span>\r\n\t\t\t<span>\r\n\t\t\t\t<i class=\"fa fa-paper-plane\" aria-hidden=\"true\"><\/i>\r\n\t\t\t\tIda y Vuelta\r\n\t\t\t<\/span>\t\t\t\t<\/div>\r\n                \t\t\t<\/figcaption>\r\n\t\t<\/div>\r\n\t<\/figure>    \r\n<\/div>                        <\/div>\r\n                                    \r\n                <\/div>\r\n            <\/div>\r\n            <div class=\"clear\"><\/div>\r\n        <\/div>\r\n\t\t<\/p>\n<p><!-- \/wp:shortcode --><!-- wp:spacer {\"height\":\"50px\"} --><\/p>\n\u00a0\n<p><!-- \/wp:spacer --><!-- \/wp:generateblocks\/container --><!-- wp:generateblocks\/container {\"uniqueId\":\"a2a8600e\",\"align\":\"full\",\"isDynamic\":true,\"blockVersion\":4,\"useInnerContainer\":true,\"spacing\":{\"paddingTop\":\"40px\",\"paddingRight\":\"40px\",\"paddingBottom\":\"40px\",\"paddingLeft\":\"40px\"}} --><!-- wp:spacer {\"height\":\"50px\"} --><\/p>\n\u00a0\n<p><!-- \/wp:spacer --><!-- wp:heading {\"className\":\"has-text-align-center\"} --><\/p>\n<h2>Principales destinos para excursion<\/h2>\n<p><!-- \/wp:heading --><!-- wp:separator {\"opacity\":\"css\",\"style\":{\"color\":{\"background\":\"#df0000\"}},\"className\":\"aligncenter is-style-default\"} --><\/p>\n<hr style=\"background-color: #df0000; color: #df0000;\" \/>\n<p><!-- \/wp:separator --><!-- wp:shortcode --><\/p>\n<p style=\"text-align: center;\">\t\t<div class=\"wt-taxonomy-list wt-grid-shortcode wt-grid-column- wt-taxstyle-\">\r\n\t\t\t<div class=\"ct-grid\">\r\n\t\t\t\t<div class=\"grid-container\">\r\n\t\t\t\t<div class=\"item-post-n\">\r\n\t\t\t\t\t\t<div class=\"wt-tax-content \">\r\n\t\t\t\t\t\t<a href=\"https:\/\/auritourtransfer.com\/?wt_location=punta-cana\" data-value=\"punta-cana\"><span class=\"loc-image\"><img decoding=\"async\" src=\"https:\/\/auritourtransfer.com\/wp-content\/uploads\/2021\/04\/Punta-Cana-Categorias-Tours-Excursiones-1357x905px-Stay-Happy-RD.jpg\" alt=\"Punta Cana\"><\/span>\r\n\t\t\t\t\t\t\t<span class=\"loc-details\">\r\n\t\t\t\t\t\t\t\t<h3>Punta Cana<\/h3>\r\n\t\t\t\t\t\t\t\t<span>6 Tours<\/span>\r\n\t\t\t\t\t\t\t<\/span>\r\n\t\t\t\t\t\t<\/a>\r\n\t\t\t\t\t\t<\/div>\r\n\t\t\t\t\t<\/div><div class=\"item-post-n\">\r\n\t\t\t\t\t\t<div class=\"wt-tax-content \">\r\n\t\t\t\t\t\t<a href=\"https:\/\/auritourtransfer.com\/?wt_location=saona-y-bayahibe\" data-value=\"saona-y-bayahibe\"><span class=\"loc-image\"><img decoding=\"async\" src=\"https:\/\/auritourtransfer.com\/wp-content\/uploads\/2021\/04\/Saona-y-Bayahibe-Categorias-Tours-Excursiones-1357x905px-Stay-Happy-RD-2.jpg\" alt=\"Saona y Bayah\u00edbe\"><\/span>\r\n\t\t\t\t\t\t\t<span class=\"loc-details\">\r\n\t\t\t\t\t\t\t\t<h3>Saona y Bayah\u00edbe<\/h3>\r\n\t\t\t\t\t\t\t\t<span>1 Tour<\/span>\r\n\t\t\t\t\t\t\t<\/span>\r\n\t\t\t\t\t\t<\/a>\r\n\t\t\t\t\t\t<\/div>\r\n\t\t\t\t\t<\/div><div class=\"item-post-n\">\r\n\t\t\t\t\t\t<div class=\"wt-tax-content \">\r\n\t\t\t\t\t\t<a href=\"https:\/\/auritourtransfer.com\/?wt_location=la-romana\" data-value=\"la-romana\"><span class=\"loc-image\"><img decoding=\"async\" src=\"https:\/\/auritourtransfer.com\/wp-content\/uploads\/2021\/04\/La-Romana-Categorias-Tours-Excursiones-1357x905px-Stay-Happy-RD.jpg\" alt=\"La Romana\"><\/span>\r\n\t\t\t\t\t\t\t<span class=\"loc-details\">\r\n\t\t\t\t\t\t\t\t<h3>La Romana<\/h3>\r\n\t\t\t\t\t\t\t\t<span>1 Tour<\/span>\r\n\t\t\t\t\t\t\t<\/span>\r\n\t\t\t\t\t\t<\/a>\r\n\t\t\t\t\t\t<\/div>\r\n\t\t\t\t\t<\/div><div class=\"item-post-n\">\r\n\t\t\t\t\t\t<div class=\"wt-tax-content \">\r\n\t\t\t\t\t\t<a href=\"https:\/\/auritourtransfer.com\/?wt_location=santo-domingo\" data-value=\"santo-domingo\"><span class=\"loc-image\"><img decoding=\"async\" src=\"https:\/\/auritourtransfer.com\/wp-content\/uploads\/2021\/04\/Santo-Domingo-Categorias-Tours-Excursiones-1357x905px-Stay-Happy-RD.jpg\" alt=\"Santo Domingo\"><\/span>\r\n\t\t\t\t\t\t\t<span class=\"loc-details\">\r\n\t\t\t\t\t\t\t\t<h3>Santo Domingo<\/h3>\r\n\t\t\t\t\t\t\t\t<span>1 Tour<\/span>\r\n\t\t\t\t\t\t\t<\/span>\r\n\t\t\t\t\t\t<\/a>\r\n\t\t\t\t\t\t<\/div>\r\n\t\t\t\t\t<\/div><div class=\"item-post-n\">\r\n\t\t\t\t\t\t<div class=\"wt-tax-content \">\r\n\t\t\t\t\t\t<a href=\"https:\/\/auritourtransfer.com\/?wt_location=samana\" data-value=\"samana\"><span class=\"loc-image\"><img decoding=\"async\" src=\"https:\/\/auritourtransfer.com\/wp-content\/uploads\/2021\/04\/Samana-Categorias-Tours-Excursiones-1357x905px-Stay-Happy-RD.jpg\" alt=\"Saman\u00e1\"><\/span>\r\n\t\t\t\t\t\t\t<span class=\"loc-details\">\r\n\t\t\t\t\t\t\t\t<h3>Saman\u00e1<\/h3>\r\n\t\t\t\t\t\t\t\t<span>1 Tour<\/span>\r\n\t\t\t\t\t\t\t<\/span>\r\n\t\t\t\t\t\t<\/a>\r\n\t\t\t\t\t\t<\/div>\r\n\t\t\t\t\t<\/div>\t\t\t\t<\/div>\r\n\t\t\t<\/div>\r\n\t\t<\/div>\r\n\t\t<\/p>\n<p><!-- \/wp:shortcode --><!-- wp:spacer {\"height\":\"50px\"} --><\/p>\n\u00a0\n<p><!-- \/wp:spacer --><!-- \/wp:generateblocks\/container --><!-- wp:cover {\"minHeight\":500,\"gradient\":\"midnight\",\"isDark\":false,\"align\":\"full\"} --><\/p>\n<p><!-- wp:generateblocks\/container {\"uniqueId\":\"c46566e3\",\"isDynamic\":true,\"blockVersion\":4,\"useInnerContainer\":true,\"spacing\":{\"paddingTop\":\"40px\",\"paddingRight\":\"40px\",\"paddingBottom\":\"40px\",\"paddingLeft\":\"40px\"}} --><!-- wp:columns {\"verticalAlignment\":\"center\",\"align\":\"wide\"} --><\/p>\n<p><!-- wp:column {\"verticalAlignment\":\"center\"} --><\/p>\n<p><!-- wp:heading {\"textAlign\":\"left\",\"textColor\":\"white\"} --><\/p>\n<h2>\u00bfQUE opinaS?<\/h2>\n<p><!-- \/wp:heading --><!-- wp:separator {\"opacity\":\"css\",\"className\":\"is-style-wide\"} --><\/p>\n<hr \/>\n<p><!-- \/wp:separator --><!-- wp:paragraph {\"align\":\"left\"} --><\/p>\n<p><mark style=\"background-color: rgba(0, 0, 0, 0);\">El 99% de nuestros clientes califican nuestros servicios como <strong>excelentes<\/strong> en la prestigiosa web de Tripadvisor.<\/mark><\/p>\n<p><!-- \/wp:paragraph --><!-- wp:paragraph {\"align\":\"left\"} --><\/p>\n<p><mark style=\"background-color: rgba(0, 0, 0, 0);\"><strong>Muy divertido, una experiencia espectacular&#8230;<\/strong> son algunas de las opiniones que podr\u00e1s leer sobre <strong>AURI TOURTRANSFER <\/strong><\/mark><\/p>\n<p><!-- \/wp:paragraph --><!-- wp:heading {\"textAlign\":\"left\",\"level\":3,\"textColor\":\"white\"} --><\/p>\n<h3>\u00a0<\/h3>\n<h3><mark style=\"background-color: rgba(0, 0, 0, 0);\">\u00bfY tu, estas listo para vivir la Gran Experiencia con nosotros?<\/mark><\/h3>\n<p><!-- \/wp:heading --><\/p>\n<p><!-- \/wp:column --><!-- wp:column {\"verticalAlignment\":\"center\"} --><\/p>\n\u00a0\n<p><!-- \/wp:column --><\/p>\n<p><!-- \/wp:columns --><!-- \/wp:generateblocks\/container --><\/p>\n<p><!-- \/wp:cover --><!-- wp:generateblocks\/container {\"uniqueId\":\"ed739523\",\"align\":\"full\",\"isDynamic\":true,\"blockVersion\":4,\"useInnerContainer\":true,\"spacing\":{\"paddingTop\":\"40px\",\"paddingRight\":\"40px\",\"paddingBottom\":\"40px\",\"paddingLeft\":\"40px\"}} --><!-- wp:spacer {\"height\":\"50px\"} \/--><!-- wp:spacer {\"height\":\"50px\"} --><\/p>\n\u00bfTienes preguntas? &#8211; \u00a1Escribenos!\n<p><!-- \/wp:spacer --><!-- wp:generateblocks\/container {\"uniqueId\":\"a3ae2a2d\",\"containerWidth\":1000,\"isDynamic\":true,\"blockVersion\":4,\"useInnerContainer\":true,\"spacing\":{\"paddingTop\":\"40px\",\"paddingRight\":\"40px\",\"paddingBottom\":\"40px\",\"paddingLeft\":\"40px\"}} --><!-- wp:contact-form-7\/contact-form-selector {\"id\":5043,\"title\":\"Formulario de contacto Principal\"} --><\/p>\n\n<div class=\"wpcf7 no-js\" id=\"wpcf7-f5043-o1\" lang=\"es-ES\" dir=\"ltr\" data-wpcf7-id=\"5043\">\n<div class=\"screen-reader-response\"><p role=\"status\" aria-live=\"polite\" aria-atomic=\"true\"><\/p> <ul><\/ul><\/div>\n<form action=\"\/index.php?rest_route=%2Fwp%2Fv2%2Fpages%2F4725#wpcf7-f5043-o1\" method=\"post\" class=\"wpcf7-form init\" aria-label=\"Formulario de contacto\" novalidate=\"novalidate\" data-status=\"init\">\n<fieldset class=\"hidden-fields-container\"><input type=\"hidden\" name=\"_wpcf7\" value=\"5043\" \/><input type=\"hidden\" name=\"_wpcf7_version\" value=\"6.1.4\" \/><input type=\"hidden\" name=\"_wpcf7_locale\" value=\"es_ES\" \/><input type=\"hidden\" name=\"_wpcf7_unit_tag\" value=\"wpcf7-f5043-o1\" \/><input type=\"hidden\" name=\"_wpcf7_container_post\" value=\"0\" \/><input type=\"hidden\" name=\"_wpcf7_posted_data_hash\" value=\"\" \/><input type=\"hidden\" name=\"_wpcf7cf_hidden_group_fields\" value=\"[]\" \/><input type=\"hidden\" name=\"_wpcf7cf_hidden_groups\" value=\"[]\" \/><input type=\"hidden\" name=\"_wpcf7cf_visible_groups\" value=\"[]\" \/><input type=\"hidden\" name=\"_wpcf7cf_repeaters\" value=\"[]\" \/><input type=\"hidden\" name=\"_wpcf7cf_steps\" value=\"{}\" \/><input type=\"hidden\" name=\"_wpcf7cf_options\" value=\"{&quot;form_id&quot;:5043,&quot;conditions&quot;:[],&quot;settings&quot;:{&quot;animation&quot;:&quot;yes&quot;,&quot;animation_intime&quot;:200,&quot;animation_outtime&quot;:200,&quot;conditions_ui&quot;:&quot;normal&quot;,&quot;notice_dismissed&quot;:false,&quot;notice_dismissed_rollback-cf7-5.8.5&quot;:true}}\" \/><input type=\"hidden\" name=\"_wpcf7_recaptcha_response\" value=\"\" \/>\n<\/fieldset>\n<p><label> Nombre<br \/>\n<span class=\"wpcf7-form-control-wrap\" data-name=\"your-name\"><input size=\"40\" maxlength=\"400\" class=\"wpcf7-form-control wpcf7-text wpcf7-validates-as-required\" aria-required=\"true\" aria-invalid=\"false\" value=\"\" type=\"text\" name=\"your-name\" \/><\/span> <\/label>\n<\/p>\n<p><label> Correo Electr\u00f3nico<br \/>\n<span class=\"wpcf7-form-control-wrap\" data-name=\"your-email\"><input size=\"40\" maxlength=\"400\" class=\"wpcf7-form-control wpcf7-email wpcf7-validates-as-required wpcf7-text wpcf7-validates-as-email\" aria-required=\"true\" aria-invalid=\"false\" value=\"\" type=\"email\" name=\"your-email\" \/><\/span> <\/label>\n<\/p>\n<p><label> Mensaje<br \/>\n<span class=\"wpcf7-form-control-wrap\" data-name=\"your-message\"><textarea cols=\"40\" rows=\"10\" maxlength=\"2000\" class=\"wpcf7-form-control wpcf7-textarea wpcf7-validates-as-required\" aria-required=\"true\" aria-invalid=\"false\" name=\"your-message\"><\/textarea><\/span> <\/label>\n<\/p>\n<p><input class=\"wpcf7-form-control wpcf7-submit has-spinner\" type=\"submit\" value=\"Enviar\" \/>\n<\/p><div class=\"wpcf7-response-output\" aria-hidden=\"true\"><\/div>\n<\/form>\n<\/div>\n\n<p><!-- \/wp:contact-form-7\/contact-form-selector --><!-- \/wp:generateblocks\/container --><\/p>\n<p><!-- \/wp:generateblocks\/container --><!-- wp:paragraph --><\/p>\n<p><!-- \/wp:paragraph --><\/p>","protected":false},"excerpt":{"rendered":"<p>INSTRUCCIONES: 1. Elije cantidad de pasajeros | 2. Cantidad de maletas | 3. Clic en el bot\u00f3n y elige solo ida o ida y vuelta\u00a0|4. Selecciona donde te recogemos | 5. Elige el lugar de destino. Le invitamos a vivir una experiencia inolvidable, un recorrido por toda\u00a0Rep\u00fablica Dominicana, donde podr\u00e1 disfrutar de las mas hermosas [&hellip;]<\/p>\n","protected":false},"author":3,"featured_media":0,"parent":0,"menu_order":0,"comment_status":"closed","ping_status":"closed","template":"","meta":{"_uag_custom_page_level_css":"","site-sidebar-layout":"no-sidebar","site-content-layout":"plain-container","ast-site-content-layout":"normal-width-container","site-content-style":"unboxed","site-sidebar-style":"unboxed","ast-global-header-display":"","ast-banner-title-visibility":"","ast-main-header-display":"","ast-hfb-above-header-display":"","ast-hfb-below-header-display":"","ast-hfb-mobile-header-display":"","site-post-title":"disabled","ast-breadcrumbs-content":"","ast-featured-img":"","footer-sml-layout":"","ast-disable-related-posts":"","theme-transparent-header-meta":"disabled","adv-header-id-meta":"","stick-header-meta":"","header-above-stick-meta":"","header-main-stick-meta":"","header-below-stick-meta":"","astra-migrate-meta-layouts":"set","ast-page-background-enabled":"default","ast-page-background-meta":{"desktop":{"background-color":"","background-image":"","background-repeat":"repeat","background-position":"center center","background-size":"auto","background-attachment":"scroll","background-type":"","background-media":"","overlay-type":"","overlay-color":"","overlay-opacity":"","overlay-gradient":""},"tablet":{"background-color":"","background-image":"","background-repeat":"repeat","background-position":"center center","background-size":"auto","background-attachment":"scroll","background-type":"","background-media":"","overlay-type":"","overlay-color":"","overlay-opacity":"","overlay-gradient":""},"mobile":{"background-color":"","background-image":"","background-repeat":"repeat","background-position":"center center","background-size":"auto","background-attachment":"scroll","background-type":"","background-media":"","overlay-type":"","overlay-color":"","overlay-opacity":"","overlay-gradient":""}},"ast-content-background-meta":{"desktop":{"background-color":"var(--ast-global-color-5)","background-image":"","background-repeat":"repeat","background-position":"center center","background-size":"auto","background-attachment":"scroll","background-type":"","background-media":"","overlay-type":"","overlay-color":"","overlay-opacity":"","overlay-gradient":""},"tablet":{"background-color":"var(--ast-global-color-5)","background-image":"","background-repeat":"repeat","background-position":"center center","background-size":"auto","background-attachment":"scroll","background-type":"","background-media":"","overlay-type":"","overlay-color":"","overlay-opacity":"","overlay-gradient":""},"mobile":{"background-color":"var(--ast-global-color-5)","background-image":"","background-repeat":"repeat","background-position":"center center","background-size":"auto","background-attachment":"scroll","background-type":"","background-media":"","overlay-type":"","overlay-color":"","overlay-opacity":"","overlay-gradient":""}},"footnotes":""},"class_list":["post-4725","page","type-page","status-publish","hentry","desktop-align-center","tablet-align-center","mobile-align-center"],"uagb_featured_image_src":{"full":false,"thumbnail":false,"medium":false,"medium_large":false,"large":false,"1536x1536":false,"2048x2048":false,"thumb_150x160":false,"thumb_100x150":false,"wethumb_204x153":false,"wethumb_460x307":false,"wethumb_85x85":false,"woocommerce_thumbnail":false,"woocommerce_single":false,"woocommerce_gallery_thumbnail":false},"uagb_author_info":{"display_name":"ANDRES SOLER","author_link":"https:\/\/auritourtransfer.com\/?author=3"},"uagb_comment_info":0,"uagb_excerpt":"INSTRUCCIONES: 1. Elije cantidad de pasajeros | 2. Cantidad de maletas | 3. Clic en el bot\u00f3n y elige solo ida o ida y vuelta\u00a0|4. Selecciona donde te recogemos | 5. Elige el lugar de destino. Le invitamos a vivir una experiencia inolvidable, un recorrido por toda\u00a0Rep\u00fablica Dominicana, donde podr\u00e1 disfrutar de las mas hermosas&hellip;","amp_enabled":false,"_links":{"self":[{"href":"https:\/\/auritourtransfer.com\/index.php?rest_route=\/wp\/v2\/pages\/4725","targetHints":{"allow":["GET"]}}],"collection":[{"href":"https:\/\/auritourtransfer.com\/index.php?rest_route=\/wp\/v2\/pages"}],"about":[{"href":"https:\/\/auritourtransfer.com\/index.php?rest_route=\/wp\/v2\/types\/page"}],"author":[{"embeddable":true,"href":"https:\/\/auritourtransfer.com\/index.php?rest_route=\/wp\/v2\/users\/3"}],"replies":[{"embeddable":true,"href":"https:\/\/auritourtransfer.com\/index.php?rest_route=%2Fwp%2Fv2%2Fcomments&post=4725"}],"version-history":[{"count":49,"href":"https:\/\/auritourtransfer.com\/index.php?rest_route=\/wp\/v2\/pages\/4725\/revisions"}],"predecessor-version":[{"id":6559,"href":"https:\/\/auritourtransfer.com\/index.php?rest_route=\/wp\/v2\/pages\/4725\/revisions\/6559"}],"wp:attachment":[{"href":"https:\/\/auritourtransfer.com\/index.php?rest_route=%2Fwp%2Fv2%2Fmedia&parent=4725"}],"curies":[{"name":"wp","href":"https:\/\/api.w.org\/{rel}","templated":true}]}}