{"id":6,"date":"2020-09-15T06:48:29","date_gmt":"2020-09-15T06:48:29","guid":{"rendered":"https:\/\/auritourtransfer.com\/about\/"},"modified":"2024-01-05T01:49:49","modified_gmt":"2024-01-05T05:49:49","slug":"nosotros","status":"publish","type":"page","link":"https:\/\/auritourtransfer.com\/?page_id=6","title":{"rendered":"Nosotros"},"content":{"rendered":"\n<div class=\"wp-block-cover alignfull has-parallax\" style=\"min-height:350px;aspect-ratio:unset;\"><span aria-hidden=\"true\" class=\"wp-block-cover__background has-background-dim-60 has-background-dim\" style=\"background-color:#0f97f2\"><\/span><div role=\"img\" class=\"wp-block-cover__image-background wp-image-5082 has-parallax\" style=\"background-position:50% 50%;background-image:url(https:\/\/auritourtransfer.com\/wp-content\/uploads\/2021\/05\/Sobre-Nosotros-Header-Titulos-2000x749px-Stay-Happy-2.jpg)\"><\/div><div class=\"wp-block-cover__inner-container is-layout-flow wp-block-cover-is-layout-flow\">\n<h1 class=\"wp-block-heading has-text-align-center has-white-color has-text-color\">Sobre Nosotros<\/h1>\n<\/div><\/div>\n\n\n<div class=\"gb-container gb-container-7e266438 alignfull\"><div class=\"gb-inside-container\">\n\n<div style=\"height:40px\" aria-hidden=\"true\" class=\"wp-block-spacer\"><\/div>\n\n\n\n<div class=\"wp-block-media-text has-media-on-the-right is-stacked-on-mobile is-vertically-aligned-center alignwide\" style=\"grid-template-columns:auto 28%\"><div class=\"wp-block-media-text__content\">\n<h2 class=\"wp-block-heading\">Quienes Somos<\/h2>\n\n\n\n<p><strong><em><strong>En AURI TOUR TRANSFER hemos estado sirviendo a la industria tur\u00edstica en la Rep\u00fablica Dominicana <\/strong><\/em><\/strong>.<\/p>\n\n\n\n<p>Estamos satisfechos de nuestro historial de seguridad y nuestros servicios altamente aplaudidos.<\/p>\n<\/div><figure class=\"wp-block-media-text__media\"><img loading=\"lazy\" decoding=\"async\" width=\"512\" height=\"512\" src=\"https:\/\/auritourtransfer.com\/wp-content\/uploads\/2023\/12\/cropped-dffd6a9d-e9d2-4b84-a52c-19931a416ae0-1-1.jpg\" alt=\"\" class=\"wp-image-6384 size-full\" srcset=\"https:\/\/auritourtransfer.com\/wp-content\/uploads\/2023\/12\/cropped-dffd6a9d-e9d2-4b84-a52c-19931a416ae0-1-1.jpg 512w, https:\/\/auritourtransfer.com\/wp-content\/uploads\/2023\/12\/cropped-dffd6a9d-e9d2-4b84-a52c-19931a416ae0-1-1-85x85.jpg 85w, https:\/\/auritourtransfer.com\/wp-content\/uploads\/2023\/12\/cropped-dffd6a9d-e9d2-4b84-a52c-19931a416ae0-1-1-300x300.jpg 300w, https:\/\/auritourtransfer.com\/wp-content\/uploads\/2023\/12\/cropped-dffd6a9d-e9d2-4b84-a52c-19931a416ae0-1-1-100x100.jpg 100w, https:\/\/auritourtransfer.com\/wp-content\/uploads\/2023\/12\/cropped-dffd6a9d-e9d2-4b84-a52c-19931a416ae0-1-1-120x120.jpg 120w\" sizes=\"auto, (max-width: 512px) 100vw, 512px\" \/><\/figure><\/div>\n\n\n\n<p>Ofrecemos servicios en todos aeropuertos y ciudades del pa\u00eds con aeronaves ch\u00e1rter, helic\u00f3pteros, aviones propulsados y con servicios de transfer terrestre. Tambi\u00e9n nos especializamos en servicios de ferry a Saman\u00e1 y se nos conoce mucho por nuestros tours de ballenas.<\/p>\n\n\n\n<p><strong>Estamos enfocados en los traslados privados y de lujo, desde y hacia todos los hoteles y aeropuertos.<\/strong><\/p>\n\n\n\n<p>Nuestros servicios de vuelos Dom\u00e9sticos son los m\u00e1s populares en el pa\u00eds y prestan servicio en toda La Rep\u00fablica Dominicana y hacia Hait\u00ed.<\/p>\n\n\n\n<p><strong><em><strong>AURI TOUR TRANSFER <\/strong><\/em><\/strong> Brinda servicios a las principales zonas tur\u00edsticas tales como <strong>Punta Cana<\/strong>, <strong>B\u00e1varo<\/strong>, <strong>Macao<\/strong>, <strong>Cap Cana<\/strong>, <strong>Uvero Alto<\/strong>,<strong>La Romana<\/strong>, <strong>Bayahibe<\/strong>. entre otras ciudades de nuestro pa\u00eds.<\/p>\n\n\n\n<p><\/p>\n\n\n\n<div style=\"height:50px\" aria-hidden=\"true\" class=\"wp-block-spacer\"><\/div>\n\n\n\n<h2 class=\"wp-block-heading has-text-align-center\"><strong><mark style=\"background-color:rgba(0, 0, 0, 0)\" class=\"has-inline-color has-ast-global-color-0-color\">Disfrute Sus Vacaciones!<\/mark><\/strong><\/h2>\n\n<\/div><\/div>\n\n\n<div class=\"inherit-container-width wp-block-group alignfull has-white-background-color has-background is-layout-constrained wp-block-group-is-layout-constrained\"><div class=\"wp-block-group__inner-container\"><\/div><\/div>\n","protected":false},"excerpt":{"rendered":"<p>Quienes Somos En AURI TOUR TRANSFER hemos estado sirviendo a la industria tur\u00edstica en la Rep\u00fablica Dominicana . Estamos satisfechos de nuestro historial de seguridad y nuestros servicios altamente aplaudidos. Ofrecemos servicios en todos aeropuertos y ciudades del pa\u00eds con aeronaves ch\u00e1rter, helic\u00f3pteros, aviones propulsados y con servicios de transfer terrestre. Tambi\u00e9n nos especializamos en [&hellip;]<\/p>\n","protected":false},"author":3,"featured_media":0,"parent":0,"menu_order":0,"comment_status":"closed","ping_status":"closed","template":"","meta":{"_uag_custom_page_level_css":"","site-sidebar-layout":"no-sidebar","site-content-layout":"plain-container","ast-site-content-layout":"normal-width-container","site-content-style":"unboxed","site-sidebar-style":"unboxed","ast-global-header-display":"","ast-banner-title-visibility":"","ast-main-header-display":"","ast-hfb-above-header-display":"","ast-hfb-below-header-display":"","ast-hfb-mobile-header-display":"","site-post-title":"disabled","ast-breadcrumbs-content":"","ast-featured-img":"","footer-sml-layout":"","ast-disable-related-posts":"","theme-transparent-header-meta":"disabled","adv-header-id-meta":"","stick-header-meta":"","header-above-stick-meta":"","header-main-stick-meta":"","header-below-stick-meta":"","astra-migrate-meta-layouts":"set","ast-page-background-enabled":"default","ast-page-background-meta":{"desktop":{"background-color":"","background-image":"","background-repeat":"repeat","background-position":"center center","background-size":"auto","background-attachment":"scroll","background-type":"","background-media":"","overlay-type":"","overlay-color":"","overlay-opacity":"","overlay-gradient":""},"tablet":{"background-color":"","background-image":"","background-repeat":"repeat","background-position":"center center","background-size":"auto","background-attachment":"scroll","background-type":"","background-media":"","overlay-type":"","overlay-color":"","overlay-opacity":"","overlay-gradient":""},"mobile":{"background-color":"","background-image":"","background-repeat":"repeat","background-position":"center center","background-size":"auto","background-attachment":"scroll","background-type":"","background-media":"","overlay-type":"","overlay-color":"","overlay-opacity":"","overlay-gradient":""}},"ast-content-background-meta":{"desktop":{"background-color":"var(--ast-global-color-5)","background-image":"","background-repeat":"repeat","background-position":"center center","background-size":"auto","background-attachment":"scroll","background-type":"","background-media":"","overlay-type":"","overlay-color":"","overlay-opacity":"","overlay-gradient":""},"tablet":{"background-color":"var(--ast-global-color-5)","background-image":"","background-repeat":"repeat","background-position":"center center","background-size":"auto","background-attachment":"scroll","background-type":"","background-media":"","overlay-type":"","overlay-color":"","overlay-opacity":"","overlay-gradient":""},"mobile":{"background-color":"var(--ast-global-color-5)","background-image":"","background-repeat":"repeat","background-position":"center center","background-size":"auto","background-attachment":"scroll","background-type":"","background-media":"","overlay-type":"","overlay-color":"","overlay-opacity":"","overlay-gradient":""}},"footnotes":""},"class_list":["post-6","page","type-page","status-publish","hentry"],"uagb_featured_image_src":{"full":false,"thumbnail":false,"medium":false,"medium_large":false,"large":false,"1536x1536":false,"2048x2048":false,"thumb_150x160":false,"thumb_100x150":false,"wethumb_204x153":false,"wethumb_460x307":false,"wethumb_85x85":false,"woocommerce_thumbnail":false,"woocommerce_single":false,"woocommerce_gallery_thumbnail":false},"uagb_author_info":{"display_name":"ANDRES SOLER","author_link":"https:\/\/auritourtransfer.com\/?author=3"},"uagb_comment_info":0,"uagb_excerpt":"Quienes Somos En AURI TOUR TRANSFER hemos estado sirviendo a la industria tur\u00edstica en la Rep\u00fablica Dominicana . Estamos satisfechos de nuestro historial de seguridad y nuestros servicios altamente aplaudidos. Ofrecemos servicios en todos aeropuertos y ciudades del pa\u00eds con aeronaves ch\u00e1rter, helic\u00f3pteros, aviones propulsados y con servicios de transfer terrestre. Tambi\u00e9n nos especializamos en&hellip;","amp_enabled":true,"_links":{"self":[{"href":"https:\/\/auritourtransfer.com\/index.php?rest_route=\/wp\/v2\/pages\/6","targetHints":{"allow":["GET"]}}],"collection":[{"href":"https:\/\/auritourtransfer.com\/index.php?rest_route=\/wp\/v2\/pages"}],"about":[{"href":"https:\/\/auritourtransfer.com\/index.php?rest_route=\/wp\/v2\/types\/page"}],"author":[{"embeddable":true,"href":"https:\/\/auritourtransfer.com\/index.php?rest_route=\/wp\/v2\/users\/3"}],"replies":[{"embeddable":true,"href":"https:\/\/auritourtransfer.com\/index.php?rest_route=%2Fwp%2Fv2%2Fcomments&post=6"}],"version-history":[{"count":6,"href":"https:\/\/auritourtransfer.com\/index.php?rest_route=\/wp\/v2\/pages\/6\/revisions"}],"predecessor-version":[{"id":6467,"href":"https:\/\/auritourtransfer.com\/index.php?rest_route=\/wp\/v2\/pages\/6\/revisions\/6467"}],"wp:attachment":[{"href":"https:\/\/auritourtransfer.com\/index.php?rest_route=%2Fwp%2Fv2%2Fmedia&parent=6"}],"curies":[{"name":"wp","href":"https:\/\/api.w.org\/{rel}","templated":true}]}}