{"id":4270,"date":"2021-03-25T11:22:33","date_gmt":"2021-03-25T11:22:33","guid":{"rendered":"https:\/\/auritourtransfer.com\/?post_type=product&#038;p=4270"},"modified":"2024-01-11T20:51:34","modified_gmt":"2024-01-12T00:51:34","slug":"ballenas-jorobadas-samana","status":"publish","type":"product","link":"https:\/\/auritourtransfer.com\/?product=ballenas-jorobadas-samana","title":{"rendered":"Ballenas Jorobadas SAMANA"},"content":{"rendered":"<p>Nuestras amigas, las ballenas jorobadas se preparan a dejar las aguas fr\u00edas del gran norte, y a realizar as\u00ed un viaje extraordinario. Algunas ya son \u00ab en marcha \u00bb.<\/p>\n<p>Cada a\u00f1o, son varias millares que vienen en las aguas calientes y tranquilas del Caribe, al fin de acoplarse o de parir. Vienen as\u00ed en la Bah\u00eda de Saman\u00e1, considerada como uno de los mejores lugares del mundo para observarlas, entre mediados de enero y finales de marzo.<\/p>\n<p>Las ballenas jorobadas forman parte de las grandes ballenas. Miden una quincena de metros y pesan 40 toneladas por t\u00e9rmino medio.<\/p>\n<p>Las Ballenas Jorobadas son Mam\u00edferos marinos, respiran aire y a tal efecto, suben regularmente a la superficie. Permanecen en apnea una veintena de minutos (en promedio), pero pueden permanecer bajo el agua hasta cuarenta minutos.<\/p>\n<p>Despu\u00e9s del largo viaje que realizan y durante el cual no se alimentan, pasan una parte del invierno en nuestra regi\u00f3n, todav\u00eda sin comer. As\u00ed van a perder el quinto de su peso.<\/p>\n<div class=\"ast-oembed-container \" style=\"height: 100%;\"><iframe loading=\"lazy\" title=\"BALLENAS JOROBADAS INMENSAS EN SAMAN\u00c1, REP\u00daBLICA DOMINICANA, EXPERIENCIA \u00daNICA E INIGUALABLE \ud83d\udc0b\" width=\"500\" height=\"281\" src=\"https:\/\/www.youtube.com\/embed\/tA06zFSwmlk?feature=oembed\" frameborder=\"0\" allow=\"accelerometer; autoplay; clipboard-write; encrypted-media; gyroscope; picture-in-picture; web-share\" referrerpolicy=\"strict-origin-when-cross-origin\" allowfullscreen><\/iframe><\/div>\n","protected":false},"excerpt":{"rendered":"<p>Nuestras amigas, las ballenas jorobadas se preparan a dejar las aguas fr\u00edas del gran norte, y a realizar as\u00ed un viaje extraordinario. Algunas ya son \u00ab en marcha \u00bb. Cada a\u00f1o, son varias millares que vienen en las aguas calientes y tranquilas del Caribe, al fin de acoplarse o de parir. Vienen as\u00ed en la [&hellip;]<\/p>\n","protected":false},"featured_media":0,"comment_status":"open","ping_status":"closed","template":"","meta":{"_uag_custom_page_level_css":"","site-sidebar-layout":"no-sidebar","site-content-layout":"default","ast-site-content-layout":"default","site-content-style":"default","site-sidebar-style":"default","ast-global-header-display":"","ast-banner-title-visibility":"","ast-main-header-display":"","ast-hfb-above-header-display":"","ast-hfb-below-header-display":"","ast-hfb-mobile-header-display":"","site-post-title":"","ast-breadcrumbs-content":"","ast-featured-img":"","footer-sml-layout":"","ast-disable-related-posts":"","theme-transparent-header-meta":"default","adv-header-id-meta":"","stick-header-meta":"","header-above-stick-meta":"","header-main-stick-meta":"","header-below-stick-meta":"","astra-migrate-meta-layouts":"set","ast-page-background-enabled":"default","ast-page-background-meta":{"desktop":{"background-color":"","background-image":"","background-repeat":"repeat","background-position":"center center","background-size":"auto","background-attachment":"scroll","background-type":"","background-media":"","overlay-type":"","overlay-color":"","overlay-opacity":"","overlay-gradient":""},"tablet":{"background-color":"","background-image":"","background-repeat":"repeat","background-position":"center center","background-size":"auto","background-attachment":"scroll","background-type":"","background-media":"","overlay-type":"","overlay-color":"","overlay-opacity":"","overlay-gradient":""},"mobile":{"background-color":"","background-image":"","background-repeat":"repeat","background-position":"center center","background-size":"auto","background-attachment":"scroll","background-type":"","background-media":"","overlay-type":"","overlay-color":"","overlay-opacity":"","overlay-gradient":""}},"ast-content-background-meta":{"desktop":{"background-color":"var(--ast-global-color-5)","background-image":"","background-repeat":"repeat","background-position":"center center","background-size":"auto","background-attachment":"scroll","background-type":"","background-media":"","overlay-type":"","overlay-color":"","overlay-opacity":"","overlay-gradient":""},"tablet":{"background-color":"var(--ast-global-color-5)","background-image":"","background-repeat":"repeat","background-position":"center center","background-size":"auto","background-attachment":"scroll","background-type":"","background-media":"","overlay-type":"","overlay-color":"","overlay-opacity":"","overlay-gradient":""},"mobile":{"background-color":"var(--ast-global-color-5)","background-image":"","background-repeat":"repeat","background-position":"center center","background-size":"auto","background-attachment":"scroll","background-type":"","background-media":"","overlay-type":"","overlay-color":"","overlay-opacity":"","overlay-gradient":""}}},"product_brand":[],"product_cat":[44],"product_tag":[58],"class_list":{"0":"post-4270","1":"product","2":"type-product","3":"status-publish","5":"product_cat-excursiones","6":"product_tag-por-mar","7":"wt_location-samana","8":"desktop-align-center","9":"tablet-align-center","10":"mobile-align-center","12":"first","13":"instock","14":"featured","15":"sold-individually","16":"shipping-taxable","17":"purchasable","18":"product-type-simple"},"uagb_featured_image_src":{"full":false,"thumbnail":false,"medium":false,"medium_large":false,"large":false,"1536x1536":false,"2048x2048":false,"thumb_150x160":false,"thumb_100x150":false,"wethumb_204x153":false,"wethumb_460x307":false,"wethumb_85x85":false,"woocommerce_thumbnail":false,"woocommerce_single":false,"woocommerce_gallery_thumbnail":false},"uagb_author_info":{"display_name":"ANDRES SOLER","author_link":"https:\/\/auritourtransfer.com\/?author=0"},"uagb_comment_info":0,"uagb_excerpt":"Nuestras amigas, las ballenas jorobadas se preparan a dejar las aguas fr\u00edas del gran norte, y a realizar as\u00ed un viaje extraordinario. Algunas ya son \u00ab en marcha \u00bb. Cada a\u00f1o, son varias millares que vienen en las aguas calientes y tranquilas del Caribe, al fin de acoplarse o de parir. Vienen as\u00ed en la&hellip;","_links":{"self":[{"href":"https:\/\/auritourtransfer.com\/index.php?rest_route=\/wp\/v2\/product\/4270","targetHints":{"allow":["GET"]}}],"collection":[{"href":"https:\/\/auritourtransfer.com\/index.php?rest_route=\/wp\/v2\/product"}],"about":[{"href":"https:\/\/auritourtransfer.com\/index.php?rest_route=\/wp\/v2\/types\/product"}],"replies":[{"embeddable":true,"href":"https:\/\/auritourtransfer.com\/index.php?rest_route=%2Fwp%2Fv2%2Fcomments&post=4270"}],"wp:attachment":[{"href":"https:\/\/auritourtransfer.com\/index.php?rest_route=%2Fwp%2Fv2%2Fmedia&parent=4270"}],"wp:term":[{"taxonomy":"product_brand","embeddable":true,"href":"https:\/\/auritourtransfer.com\/index.php?rest_route=%2Fwp%2Fv2%2Fproduct_brand&post=4270"},{"taxonomy":"product_cat","embeddable":true,"href":"https:\/\/auritourtransfer.com\/index.php?rest_route=%2Fwp%2Fv2%2Fproduct_cat&post=4270"},{"taxonomy":"product_tag","embeddable":true,"href":"https:\/\/auritourtransfer.com\/index.php?rest_route=%2Fwp%2Fv2%2Fproduct_tag&post=4270"}],"curies":[{"name":"wp","href":"https:\/\/api.w.org\/{rel}","templated":true}]}}